{"id":655,"date":"2025-02-26T09:12:40","date_gmt":"2025-02-26T09:12:40","guid":{"rendered":"https:\/\/trailannecy.fr\/?page_id=655"},"modified":"2026-01-08T13:18:41","modified_gmt":"2026-01-08T13:18:41","slug":"partenaires","status":"publish","type":"page","link":"https:\/\/trailannecy.fr\/?page_id=655","title":{"rendered":"Partenaires"},"content":{"rendered":"\n<p>Des acteurs engag\u00e9s \u00e0 nos c\u00f4t\u00e9s contribuant \u00e0 la r\u00e9ussite de cet \u00e9v\u00e9nement<\/p>\n\n\n\n<figure class=\"wp-block-image aligncenter size-full is-resized\"><a href=\"https:\/\/www.hardloop.fr\/\"><img loading=\"lazy\" decoding=\"async\" width=\"450\" height=\"200\" src=\"https:\/\/trailannecy.fr\/wp-content\/uploads\/2025\/02\/Logo-Hardloop-450x200-1.png\" alt=\"\" class=\"wp-image-657\" style=\"width:536px;height:auto\" srcset=\"https:\/\/trailannecy.fr\/wp-content\/uploads\/2025\/02\/Logo-Hardloop-450x200-1.png 450w, https:\/\/trailannecy.fr\/wp-content\/uploads\/2025\/02\/Logo-Hardloop-450x200-1-300x133.png 300w\" sizes=\"auto, (max-width: 450px) 100vw, 450px\" \/><\/a><\/figure>\n\n\n\n<figure class=\"wp-block-image aligncenter size-full is-resized\"><a href=\"https:\/\/www.carrefour.fr\/magasin\/market-annecy-le-vieux\"><img loading=\"lazy\" decoding=\"async\" width=\"800\" height=\"830\" src=\"https:\/\/trailannecy.fr\/wp-content\/uploads\/2025\/02\/Groupe-Provencia.jpg\" alt=\"\" class=\"wp-image-660\" style=\"width:594px;height:auto\" srcset=\"https:\/\/trailannecy.fr\/wp-content\/uploads\/2025\/02\/Groupe-Provencia.jpg 800w, https:\/\/trailannecy.fr\/wp-content\/uploads\/2025\/02\/Groupe-Provencia-289x300.jpg 289w\" sizes=\"auto, (max-width: 800px) 100vw, 800px\" \/><\/a><\/figure>\n\n\n\n<figure class=\"wp-block-image aligncenter size-full is-resized\"><img loading=\"lazy\" decoding=\"async\" width=\"225\" height=\"225\" src=\"https:\/\/trailannecy.fr\/wp-content\/uploads\/2025\/03\/Haute-Savoie.png\" alt=\"\" class=\"wp-image-740\" style=\"width:501px;height:auto\" srcset=\"https:\/\/trailannecy.fr\/wp-content\/uploads\/2025\/03\/Haute-Savoie.png 225w, https:\/\/trailannecy.fr\/wp-content\/uploads\/2025\/03\/Haute-Savoie-150x150.png 150w\" sizes=\"auto, (max-width: 225px) 100vw, 225px\" \/><\/figure>\n\n\n\n<figure class=\"wp-block-image aligncenter size-full is-resized\"><img loading=\"lazy\" decoding=\"async\" width=\"722\" height=\"361\" src=\"https:\/\/trailannecy.fr\/wp-content\/uploads\/2025\/03\/annecy-identite-visuelle5-1.jpg\" alt=\"\" class=\"wp-image-741\" style=\"width:508px;height:auto\" srcset=\"https:\/\/trailannecy.fr\/wp-content\/uploads\/2025\/03\/annecy-identite-visuelle5-1.jpg 722w, https:\/\/trailannecy.fr\/wp-content\/uploads\/2025\/03\/annecy-identite-visuelle5-1-300x150.jpg 300w\" sizes=\"auto, (max-width: 722px) 100vw, 722px\" \/><\/figure>\n\n\n\n<figure class=\"wp-block-image aligncenter size-full is-resized\"><a href=\"https:\/\/www.facebook.com\/tommedesavoieigp\/\"><img loading=\"lazy\" decoding=\"async\" width=\"225\" height=\"225\" src=\"https:\/\/trailannecy.fr\/wp-content\/uploads\/2025\/02\/Tomme-de-SAvoie.jpg\" alt=\"\" class=\"wp-image-659\" style=\"width:596px;height:auto\" srcset=\"https:\/\/trailannecy.fr\/wp-content\/uploads\/2025\/02\/Tomme-de-SAvoie.jpg 225w, https:\/\/trailannecy.fr\/wp-content\/uploads\/2025\/02\/Tomme-de-SAvoie-150x150.jpg 150w\" sizes=\"auto, (max-width: 225px) 100vw, 225px\" \/><\/a><\/figure>\n\n\n\n<figure class=\"wp-block-image aligncenter size-full is-resized\"><a href=\"https:\/\/cryoadvance.fr\/cryoadvance-annecy-cryotherapie-seances\/\"><img loading=\"lazy\" decoding=\"async\" width=\"1024\" height=\"285\" src=\"https:\/\/trailannecy.fr\/wp-content\/uploads\/2025\/02\/CryoAdvance-Annecy.png\" alt=\"\" class=\"wp-image-684\" style=\"width:588px;height:auto\" srcset=\"https:\/\/trailannecy.fr\/wp-content\/uploads\/2025\/02\/CryoAdvance-Annecy.png 1024w, https:\/\/trailannecy.fr\/wp-content\/uploads\/2025\/02\/CryoAdvance-Annecy-300x83.png 300w\" sizes=\"auto, (max-width: 1024px) 100vw, 1024px\" \/><\/a><\/figure>\n\n\n\n<figure class=\"wp-block-image aligncenter size-full is-resized\"><a href=\"https:\/\/www.l-chrono.com\/\"><img loading=\"lazy\" decoding=\"async\" width=\"512\" height=\"415\" src=\"https:\/\/trailannecy.fr\/wp-content\/uploads\/2025\/02\/L-Chrono.png\" alt=\"\" class=\"wp-image-661\" style=\"width:562px;height:auto\" srcset=\"https:\/\/trailannecy.fr\/wp-content\/uploads\/2025\/02\/L-Chrono.png 512w, https:\/\/trailannecy.fr\/wp-content\/uploads\/2025\/02\/L-Chrono-300x243.png 300w\" sizes=\"auto, (max-width: 512px) 100vw, 512px\" \/><\/a><\/figure>\n","protected":false},"excerpt":{"rendered":"<p>Des acteurs engag\u00e9s \u00e0 nos c\u00f4t\u00e9s contribuant \u00e0 la r\u00e9ussite de cet \u00e9v\u00e9nement<\/p>\n","protected":false},"author":1,"featured_media":869,"parent":0,"menu_order":0,"comment_status":"closed","ping_status":"closed","template":"","meta":{"footnotes":""},"class_list":["post-655","page","type-page","status-publish","has-post-thumbnail","hentry"],"yoast_head":"<!-- This site is optimized with the Yoast SEO plugin v27.5 - https:\/\/yoast.com\/product\/yoast-seo-wordpress\/ -->\n<title>Partenaires - Hardloop Trail d&#039;Annecy-Les Glaisins<\/title>\n<meta name=\"robots\" content=\"index, follow, max-snippet:-1, max-image-preview:large, max-video-preview:-1\" \/>\n<link rel=\"canonical\" href=\"https:\/\/trailannecy.fr\/?page_id=655\" \/>\n<meta property=\"og:locale\" content=\"fr_FR\" \/>\n<meta property=\"og:type\" content=\"article\" \/>\n<meta property=\"og:title\" content=\"Partenaires - Hardloop Trail d&#039;Annecy-Les Glaisins\" \/>\n<meta property=\"og:description\" content=\"Des acteurs engag\u00e9s \u00e0 nos c\u00f4t\u00e9s contribuant \u00e0 la r\u00e9ussite de cet \u00e9v\u00e9nement\" \/>\n<meta property=\"og:url\" content=\"https:\/\/trailannecy.fr\/?page_id=655\" \/>\n<meta property=\"og:site_name\" content=\"Hardloop Trail d&#039;Annecy-Les Glaisins\" \/>\n<meta property=\"article:publisher\" content=\"https:\/\/www.facebook.com\/profile.php?id=100089244225554\" \/>\n<meta property=\"article:modified_time\" content=\"2026-01-08T13:18:41+00:00\" \/>\n<meta property=\"og:image\" content=\"https:\/\/trailannecy.fr\/wp-content\/uploads\/2025\/12\/cropped-cropped-logo-hardloop-trail-glaisins-couleurs.png\" \/>\n\t<meta property=\"og:image:width\" content=\"512\" \/>\n\t<meta property=\"og:image:height\" content=\"464\" \/>\n\t<meta property=\"og:image:type\" content=\"image\/png\" \/>\n<meta name=\"twitter:card\" content=\"summary_large_image\" \/>\n<meta name=\"twitter:label1\" content=\"Dur\u00e9e de lecture estim\u00e9e\" \/>\n\t<meta name=\"twitter:data1\" content=\"2 minutes\" \/>\n<script type=\"application\/ld+json\" class=\"yoast-schema-graph\">{\"@context\":\"https:\\\/\\\/schema.org\",\"@graph\":[{\"@type\":\"WebPage\",\"@id\":\"https:\\\/\\\/trailannecy.fr\\\/?page_id=655\",\"url\":\"https:\\\/\\\/trailannecy.fr\\\/?page_id=655\",\"name\":\"Partenaires - Hardloop Trail d&#039;Annecy-Les Glaisins\",\"isPartOf\":{\"@id\":\"https:\\\/\\\/trailannecy.fr\\\/#website\"},\"primaryImageOfPage\":{\"@id\":\"https:\\\/\\\/trailannecy.fr\\\/?page_id=655#primaryimage\"},\"image\":{\"@id\":\"https:\\\/\\\/trailannecy.fr\\\/?page_id=655#primaryimage\"},\"thumbnailUrl\":\"https:\\\/\\\/trailannecy.fr\\\/wp-content\\\/uploads\\\/2025\\\/12\\\/cropped-cropped-logo-hardloop-trail-glaisins-couleurs.png\",\"datePublished\":\"2025-02-26T09:12:40+00:00\",\"dateModified\":\"2026-01-08T13:18:41+00:00\",\"breadcrumb\":{\"@id\":\"https:\\\/\\\/trailannecy.fr\\\/?page_id=655#breadcrumb\"},\"inLanguage\":\"fr-FR\",\"potentialAction\":[{\"@type\":\"ReadAction\",\"target\":[\"https:\\\/\\\/trailannecy.fr\\\/?page_id=655\"]}]},{\"@type\":\"ImageObject\",\"inLanguage\":\"fr-FR\",\"@id\":\"https:\\\/\\\/trailannecy.fr\\\/?page_id=655#primaryimage\",\"url\":\"https:\\\/\\\/trailannecy.fr\\\/wp-content\\\/uploads\\\/2025\\\/12\\\/cropped-cropped-logo-hardloop-trail-glaisins-couleurs.png\",\"contentUrl\":\"https:\\\/\\\/trailannecy.fr\\\/wp-content\\\/uploads\\\/2025\\\/12\\\/cropped-cropped-logo-hardloop-trail-glaisins-couleurs.png\",\"width\":512,\"height\":464},{\"@type\":\"BreadcrumbList\",\"@id\":\"https:\\\/\\\/trailannecy.fr\\\/?page_id=655#breadcrumb\",\"itemListElement\":[{\"@type\":\"ListItem\",\"position\":1,\"name\":\"Accueil\",\"item\":\"https:\\\/\\\/trailannecy.fr\\\/\"},{\"@type\":\"ListItem\",\"position\":2,\"name\":\"Partenaires\"}]},{\"@type\":\"WebSite\",\"@id\":\"https:\\\/\\\/trailannecy.fr\\\/#website\",\"url\":\"https:\\\/\\\/trailannecy.fr\\\/\",\"name\":\"Trail d'Annecy\",\"description\":\"9 courses - 2100 participants - 120 volontaires\",\"publisher\":{\"@id\":\"https:\\\/\\\/trailannecy.fr\\\/#organization\"},\"potentialAction\":[{\"@type\":\"SearchAction\",\"target\":{\"@type\":\"EntryPoint\",\"urlTemplate\":\"https:\\\/\\\/trailannecy.fr\\\/?s={search_term_string}\"},\"query-input\":{\"@type\":\"PropertyValueSpecification\",\"valueRequired\":true,\"valueName\":\"search_term_string\"}}],\"inLanguage\":\"fr-FR\"},{\"@type\":\"Organization\",\"@id\":\"https:\\\/\\\/trailannecy.fr\\\/#organization\",\"name\":\"Trail d'Annecy\",\"url\":\"https:\\\/\\\/trailannecy.fr\\\/\",\"logo\":{\"@type\":\"ImageObject\",\"inLanguage\":\"fr-FR\",\"@id\":\"https:\\\/\\\/trailannecy.fr\\\/#\\\/schema\\\/logo\\\/image\\\/\",\"url\":\"https:\\\/\\\/trailannecy.fr\\\/wp-content\\\/uploads\\\/2023\\\/04\\\/TRAIL-DANNECY-2.png\",\"contentUrl\":\"https:\\\/\\\/trailannecy.fr\\\/wp-content\\\/uploads\\\/2023\\\/04\\\/TRAIL-DANNECY-2.png\",\"width\":500,\"height\":500,\"caption\":\"Trail d'Annecy\"},\"image\":{\"@id\":\"https:\\\/\\\/trailannecy.fr\\\/#\\\/schema\\\/logo\\\/image\\\/\"},\"sameAs\":[\"https:\\\/\\\/www.facebook.com\\\/profile.php?id=100089244225554\",\"https:\\\/\\\/www.instagram.com\\\/trailannecy\\\/\"]}]}<\/script>\n<!-- \/ Yoast SEO plugin. -->","yoast_head_json":{"title":"Partenaires - Hardloop Trail d&#039;Annecy-Les Glaisins","robots":{"index":"index","follow":"follow","max-snippet":"max-snippet:-1","max-image-preview":"max-image-preview:large","max-video-preview":"max-video-preview:-1"},"canonical":"https:\/\/trailannecy.fr\/?page_id=655","og_locale":"fr_FR","og_type":"article","og_title":"Partenaires - Hardloop Trail d&#039;Annecy-Les Glaisins","og_description":"Des acteurs engag\u00e9s \u00e0 nos c\u00f4t\u00e9s contribuant \u00e0 la r\u00e9ussite de cet \u00e9v\u00e9nement","og_url":"https:\/\/trailannecy.fr\/?page_id=655","og_site_name":"Hardloop Trail d&#039;Annecy-Les Glaisins","article_publisher":"https:\/\/www.facebook.com\/profile.php?id=100089244225554","article_modified_time":"2026-01-08T13:18:41+00:00","og_image":[{"width":512,"height":464,"url":"https:\/\/trailannecy.fr\/wp-content\/uploads\/2025\/12\/cropped-cropped-logo-hardloop-trail-glaisins-couleurs.png","type":"image\/png"}],"twitter_card":"summary_large_image","twitter_misc":{"Dur\u00e9e de lecture estim\u00e9e":"2 minutes"},"schema":{"@context":"https:\/\/schema.org","@graph":[{"@type":"WebPage","@id":"https:\/\/trailannecy.fr\/?page_id=655","url":"https:\/\/trailannecy.fr\/?page_id=655","name":"Partenaires - Hardloop Trail d&#039;Annecy-Les Glaisins","isPartOf":{"@id":"https:\/\/trailannecy.fr\/#website"},"primaryImageOfPage":{"@id":"https:\/\/trailannecy.fr\/?page_id=655#primaryimage"},"image":{"@id":"https:\/\/trailannecy.fr\/?page_id=655#primaryimage"},"thumbnailUrl":"https:\/\/trailannecy.fr\/wp-content\/uploads\/2025\/12\/cropped-cropped-logo-hardloop-trail-glaisins-couleurs.png","datePublished":"2025-02-26T09:12:40+00:00","dateModified":"2026-01-08T13:18:41+00:00","breadcrumb":{"@id":"https:\/\/trailannecy.fr\/?page_id=655#breadcrumb"},"inLanguage":"fr-FR","potentialAction":[{"@type":"ReadAction","target":["https:\/\/trailannecy.fr\/?page_id=655"]}]},{"@type":"ImageObject","inLanguage":"fr-FR","@id":"https:\/\/trailannecy.fr\/?page_id=655#primaryimage","url":"https:\/\/trailannecy.fr\/wp-content\/uploads\/2025\/12\/cropped-cropped-logo-hardloop-trail-glaisins-couleurs.png","contentUrl":"https:\/\/trailannecy.fr\/wp-content\/uploads\/2025\/12\/cropped-cropped-logo-hardloop-trail-glaisins-couleurs.png","width":512,"height":464},{"@type":"BreadcrumbList","@id":"https:\/\/trailannecy.fr\/?page_id=655#breadcrumb","itemListElement":[{"@type":"ListItem","position":1,"name":"Accueil","item":"https:\/\/trailannecy.fr\/"},{"@type":"ListItem","position":2,"name":"Partenaires"}]},{"@type":"WebSite","@id":"https:\/\/trailannecy.fr\/#website","url":"https:\/\/trailannecy.fr\/","name":"Trail d'Annecy","description":"9 courses - 2100 participants - 120 volontaires","publisher":{"@id":"https:\/\/trailannecy.fr\/#organization"},"potentialAction":[{"@type":"SearchAction","target":{"@type":"EntryPoint","urlTemplate":"https:\/\/trailannecy.fr\/?s={search_term_string}"},"query-input":{"@type":"PropertyValueSpecification","valueRequired":true,"valueName":"search_term_string"}}],"inLanguage":"fr-FR"},{"@type":"Organization","@id":"https:\/\/trailannecy.fr\/#organization","name":"Trail d'Annecy","url":"https:\/\/trailannecy.fr\/","logo":{"@type":"ImageObject","inLanguage":"fr-FR","@id":"https:\/\/trailannecy.fr\/#\/schema\/logo\/image\/","url":"https:\/\/trailannecy.fr\/wp-content\/uploads\/2023\/04\/TRAIL-DANNECY-2.png","contentUrl":"https:\/\/trailannecy.fr\/wp-content\/uploads\/2023\/04\/TRAIL-DANNECY-2.png","width":500,"height":500,"caption":"Trail d'Annecy"},"image":{"@id":"https:\/\/trailannecy.fr\/#\/schema\/logo\/image\/"},"sameAs":["https:\/\/www.facebook.com\/profile.php?id=100089244225554","https:\/\/www.instagram.com\/trailannecy\/"]}]}},"_links":{"self":[{"href":"https:\/\/trailannecy.fr\/index.php?rest_route=\/wp\/v2\/pages\/655","targetHints":{"allow":["GET"]}}],"collection":[{"href":"https:\/\/trailannecy.fr\/index.php?rest_route=\/wp\/v2\/pages"}],"about":[{"href":"https:\/\/trailannecy.fr\/index.php?rest_route=\/wp\/v2\/types\/page"}],"author":[{"embeddable":true,"href":"https:\/\/trailannecy.fr\/index.php?rest_route=\/wp\/v2\/users\/1"}],"replies":[{"embeddable":true,"href":"https:\/\/trailannecy.fr\/index.php?rest_route=%2Fwp%2Fv2%2Fcomments&post=655"}],"version-history":[{"count":15,"href":"https:\/\/trailannecy.fr\/index.php?rest_route=\/wp\/v2\/pages\/655\/revisions"}],"predecessor-version":[{"id":883,"href":"https:\/\/trailannecy.fr\/index.php?rest_route=\/wp\/v2\/pages\/655\/revisions\/883"}],"wp:featuredmedia":[{"embeddable":true,"href":"https:\/\/trailannecy.fr\/index.php?rest_route=\/wp\/v2\/media\/869"}],"wp:attachment":[{"href":"https:\/\/trailannecy.fr\/index.php?rest_route=%2Fwp%2Fv2%2Fmedia&parent=655"}],"curies":[{"name":"wp","href":"https:\/\/api.w.org\/{rel}","templated":true}]}}