{"id":675,"date":"2025-02-26T09:45:02","date_gmt":"2025-02-26T09:45:02","guid":{"rendered":"https:\/\/trailannecy.fr\/?page_id=675"},"modified":"2025-12-11T09:24:47","modified_gmt":"2025-12-11T09:24:47","slug":"solidarite","status":"publish","type":"page","link":"https:\/\/trailannecy.fr\/?page_id=675","title":{"rendered":"Solidarit\u00e9"},"content":{"rendered":"\n<p>Le comit\u00e9 d&rsquo;organisation du Hardloop Trail d&rsquo;Annecy-Les-Glaisins a \u00e0 coeur de proposer une course solidaire et de promouvoir chaque ann\u00e9e une association \u00e0 laquelle est revers\u00e9e 1 euro par participant.<\/p>\n\n\n\n<p><mark style=\"background-color:rgba(0, 0, 0, 0)\" class=\"has-inline-color has-primary-color\"><strong>Edition 2026: <\/strong><\/mark>nous proposons notre soutien \u00e0 une nouvelle association locale&nbsp;<strong><a href=\"https:\/\/reannecy.org\/lassociation\/\">REANNECY<\/a>&nbsp;<\/strong>qui a pour but d\u2019am\u00e9liorer la qualit\u00e9 de vie et la prise en charge des patients de r\u00e9animation \/ soins continus et de leurs familles, ainsi que promouvoir la qualit\u00e9 de vie au travail pour les soignants. <\/p>\n\n\n\n<figure class=\"wp-block-image size-full is-resized\"><img loading=\"lazy\" decoding=\"async\" width=\"840\" height=\"458\" src=\"https:\/\/trailannecy.fr\/wp-content\/uploads\/2025\/12\/image.png\" alt=\"\" class=\"wp-image-817\" style=\"width:840px;height:auto\" srcset=\"https:\/\/trailannecy.fr\/wp-content\/uploads\/2025\/12\/image.png 840w, https:\/\/trailannecy.fr\/wp-content\/uploads\/2025\/12\/image-300x164.png 300w\" sizes=\"auto, (max-width: 840px) 100vw, 840px\" \/><\/figure>\n\n\n\n<p><span style=\"text-decoration: underline;\">Edition 2025<\/span> : <strong>Association<\/strong> \u00ab\u00a0<strong>Le Cocon du Lac\u00a0\u00bb <\/strong><\/p>\n\n\n\n<figure class=\"wp-block-image size-full is-resized\"><img loading=\"lazy\" decoding=\"async\" width=\"1080\" height=\"1080\" src=\"https:\/\/trailannecy.fr\/wp-content\/uploads\/2025\/03\/Le-Cocon-du-Lac.jpg\" alt=\"\" class=\"wp-image-703\" style=\"width:456px;height:auto\" srcset=\"https:\/\/trailannecy.fr\/wp-content\/uploads\/2025\/03\/Le-Cocon-du-Lac.jpg 1080w, https:\/\/trailannecy.fr\/wp-content\/uploads\/2025\/03\/Le-Cocon-du-Lac-300x300.jpg 300w, https:\/\/trailannecy.fr\/wp-content\/uploads\/2025\/03\/Le-Cocon-du-Lac-1024x1024.jpg 1024w, https:\/\/trailannecy.fr\/wp-content\/uploads\/2025\/03\/Le-Cocon-du-Lac-150x150.jpg 150w\" sizes=\"auto, (max-width: 1080px) 100vw, 1080px\" \/><\/figure>\n\n\n\n<p><span style=\"text-decoration: underline;\">Edition 2024<\/span> :<strong> Association \u00ab\u00a0Dam&rsquo;s<\/strong>\u00ab\u00a0<\/p>\n\n\n\n<figure class=\"wp-block-image size-large is-resized\"><img loading=\"lazy\" decoding=\"async\" width=\"1024\" height=\"1024\" src=\"https:\/\/trailannecy.fr\/wp-content\/uploads\/2025\/02\/Association-Dams-1024x1024.jpg\" alt=\"\" class=\"wp-image-677\" style=\"width:478px;height:auto\" srcset=\"https:\/\/trailannecy.fr\/wp-content\/uploads\/2025\/02\/Association-Dams-1024x1024.jpg 1024w, https:\/\/trailannecy.fr\/wp-content\/uploads\/2025\/02\/Association-Dams-300x300.jpg 300w, https:\/\/trailannecy.fr\/wp-content\/uploads\/2025\/02\/Association-Dams-150x150.jpg 150w, https:\/\/trailannecy.fr\/wp-content\/uploads\/2025\/02\/Association-Dams.jpg 1299w\" sizes=\"auto, (max-width: 1024px) 100vw, 1024px\" \/><\/figure>\n\n\n\n<p><span style=\"text-decoration: underline;\">Edition 2023<\/span> : <strong>Association \u00ab\u00a0Baskets aux Pieds\u00a0\u00bb<\/strong><\/p>\n\n\n\n<figure class=\"wp-block-image size-large is-resized\"><img loading=\"lazy\" decoding=\"async\" width=\"1024\" height=\"538\" src=\"https:\/\/trailannecy.fr\/wp-content\/uploads\/2025\/02\/Association-Baskets-aux-pieds-1024x538.webp\" alt=\"\" class=\"wp-image-678\" style=\"width:464px;height:auto\" srcset=\"https:\/\/trailannecy.fr\/wp-content\/uploads\/2025\/02\/Association-Baskets-aux-pieds-1024x538.webp 1024w, https:\/\/trailannecy.fr\/wp-content\/uploads\/2025\/02\/Association-Baskets-aux-pieds-300x158.webp 300w, https:\/\/trailannecy.fr\/wp-content\/uploads\/2025\/02\/Association-Baskets-aux-pieds.webp 1200w\" sizes=\"auto, (max-width: 1024px) 100vw, 1024px\" \/><\/figure>\n","protected":false},"excerpt":{"rendered":"<p>Le comit\u00e9 d&rsquo;organisation du Hardloop Trail d&rsquo;Annecy-Les-Glaisins a \u00e0 coeur de proposer une course solidaire et de promouvoir chaque ann\u00e9e une association \u00e0 laquelle est revers\u00e9e 1 euro par participant. Edition 2026: nous proposons notre soutien \u00e0 une nouvelle association locale&nbsp;REANNECY&nbsp;qui a pour but d\u2019am\u00e9liorer la qualit\u00e9 de vie et la prise en charge des &hellip; <\/p>\n<p class=\"link-more\"><a href=\"https:\/\/trailannecy.fr\/?page_id=675\" class=\"more-link\">Lire la suite de<span class=\"screen-reader-text\">\u00ab\u00a0Solidarit\u00e9\u00a0\u00bb<\/span><\/a><\/p>\n","protected":false},"author":1,"featured_media":0,"parent":0,"menu_order":0,"comment_status":"closed","ping_status":"closed","template":"","meta":{"footnotes":""},"class_list":["post-675","page","type-page","status-publish","hentry"],"yoast_head":"<!-- This site is optimized with the Yoast SEO plugin v27.3 - https:\/\/yoast.com\/product\/yoast-seo-wordpress\/ -->\n<title>Solidarit\u00e9 - Hardloop Trail d&#039;Annecy-Les Glaisins<\/title>\n<meta name=\"robots\" content=\"index, follow, max-snippet:-1, max-image-preview:large, max-video-preview:-1\" \/>\n<link rel=\"canonical\" href=\"https:\/\/trailannecy.fr\/?page_id=675\" \/>\n<meta property=\"og:locale\" content=\"fr_FR\" \/>\n<meta property=\"og:type\" content=\"article\" \/>\n<meta property=\"og:title\" content=\"Solidarit\u00e9 - Hardloop Trail d&#039;Annecy-Les Glaisins\" \/>\n<meta property=\"og:description\" content=\"Le comit\u00e9 d&rsquo;organisation du Hardloop Trail d&rsquo;Annecy-Les-Glaisins a \u00e0 coeur de proposer une course solidaire et de promouvoir chaque ann\u00e9e une association \u00e0 laquelle est revers\u00e9e 1 euro par participant. Edition 2026: nous proposons notre soutien \u00e0 une nouvelle association locale&nbsp;REANNECY&nbsp;qui a pour but d\u2019am\u00e9liorer la qualit\u00e9 de vie et la prise en charge des &hellip; Lire la suite de\u00ab\u00a0Solidarit\u00e9\u00a0\u00bb\" \/>\n<meta property=\"og:url\" content=\"https:\/\/trailannecy.fr\/?page_id=675\" \/>\n<meta property=\"og:site_name\" content=\"Hardloop Trail d&#039;Annecy-Les Glaisins\" \/>\n<meta property=\"article:publisher\" content=\"https:\/\/www.facebook.com\/profile.php?id=100089244225554\" \/>\n<meta property=\"article:modified_time\" content=\"2025-12-11T09:24:47+00:00\" \/>\n<meta property=\"og:image\" content=\"https:\/\/trailannecy.fr\/wp-content\/uploads\/2025\/12\/image.png\" \/>\n\t<meta property=\"og:image:width\" content=\"840\" \/>\n\t<meta property=\"og:image:height\" content=\"458\" \/>\n\t<meta property=\"og:image:type\" content=\"image\/png\" \/>\n<meta name=\"twitter:card\" content=\"summary_large_image\" \/>\n<meta name=\"twitter:label1\" content=\"Dur\u00e9e de lecture estim\u00e9e\" \/>\n\t<meta name=\"twitter:data1\" content=\"2 minutes\" \/>\n<script type=\"application\/ld+json\" class=\"yoast-schema-graph\">{\"@context\":\"https:\\\/\\\/schema.org\",\"@graph\":[{\"@type\":\"WebPage\",\"@id\":\"https:\\\/\\\/trailannecy.fr\\\/?page_id=675\",\"url\":\"https:\\\/\\\/trailannecy.fr\\\/?page_id=675\",\"name\":\"Solidarit\u00e9 - Hardloop Trail d&#039;Annecy-Les Glaisins\",\"isPartOf\":{\"@id\":\"https:\\\/\\\/trailannecy.fr\\\/#website\"},\"primaryImageOfPage\":{\"@id\":\"https:\\\/\\\/trailannecy.fr\\\/?page_id=675#primaryimage\"},\"image\":{\"@id\":\"https:\\\/\\\/trailannecy.fr\\\/?page_id=675#primaryimage\"},\"thumbnailUrl\":\"https:\\\/\\\/trailannecy.fr\\\/wp-content\\\/uploads\\\/2025\\\/12\\\/image.png\",\"datePublished\":\"2025-02-26T09:45:02+00:00\",\"dateModified\":\"2025-12-11T09:24:47+00:00\",\"breadcrumb\":{\"@id\":\"https:\\\/\\\/trailannecy.fr\\\/?page_id=675#breadcrumb\"},\"inLanguage\":\"fr-FR\",\"potentialAction\":[{\"@type\":\"ReadAction\",\"target\":[\"https:\\\/\\\/trailannecy.fr\\\/?page_id=675\"]}]},{\"@type\":\"ImageObject\",\"inLanguage\":\"fr-FR\",\"@id\":\"https:\\\/\\\/trailannecy.fr\\\/?page_id=675#primaryimage\",\"url\":\"https:\\\/\\\/trailannecy.fr\\\/wp-content\\\/uploads\\\/2025\\\/12\\\/image.png\",\"contentUrl\":\"https:\\\/\\\/trailannecy.fr\\\/wp-content\\\/uploads\\\/2025\\\/12\\\/image.png\",\"width\":840,\"height\":458},{\"@type\":\"BreadcrumbList\",\"@id\":\"https:\\\/\\\/trailannecy.fr\\\/?page_id=675#breadcrumb\",\"itemListElement\":[{\"@type\":\"ListItem\",\"position\":1,\"name\":\"Accueil\",\"item\":\"https:\\\/\\\/trailannecy.fr\\\/\"},{\"@type\":\"ListItem\",\"position\":2,\"name\":\"Solidarit\u00e9\"}]},{\"@type\":\"WebSite\",\"@id\":\"https:\\\/\\\/trailannecy.fr\\\/#website\",\"url\":\"https:\\\/\\\/trailannecy.fr\\\/\",\"name\":\"Trail d'Annecy\",\"description\":\"9 courses - 2100 participants - 120 volontaires\",\"publisher\":{\"@id\":\"https:\\\/\\\/trailannecy.fr\\\/#organization\"},\"potentialAction\":[{\"@type\":\"SearchAction\",\"target\":{\"@type\":\"EntryPoint\",\"urlTemplate\":\"https:\\\/\\\/trailannecy.fr\\\/?s={search_term_string}\"},\"query-input\":{\"@type\":\"PropertyValueSpecification\",\"valueRequired\":true,\"valueName\":\"search_term_string\"}}],\"inLanguage\":\"fr-FR\"},{\"@type\":\"Organization\",\"@id\":\"https:\\\/\\\/trailannecy.fr\\\/#organization\",\"name\":\"Trail d'Annecy\",\"url\":\"https:\\\/\\\/trailannecy.fr\\\/\",\"logo\":{\"@type\":\"ImageObject\",\"inLanguage\":\"fr-FR\",\"@id\":\"https:\\\/\\\/trailannecy.fr\\\/#\\\/schema\\\/logo\\\/image\\\/\",\"url\":\"https:\\\/\\\/trailannecy.fr\\\/wp-content\\\/uploads\\\/2023\\\/04\\\/TRAIL-DANNECY-2.png\",\"contentUrl\":\"https:\\\/\\\/trailannecy.fr\\\/wp-content\\\/uploads\\\/2023\\\/04\\\/TRAIL-DANNECY-2.png\",\"width\":500,\"height\":500,\"caption\":\"Trail d'Annecy\"},\"image\":{\"@id\":\"https:\\\/\\\/trailannecy.fr\\\/#\\\/schema\\\/logo\\\/image\\\/\"},\"sameAs\":[\"https:\\\/\\\/www.facebook.com\\\/profile.php?id=100089244225554\",\"https:\\\/\\\/www.instagram.com\\\/trailannecy\\\/\"]}]}<\/script>\n<!-- \/ Yoast SEO plugin. -->","yoast_head_json":{"title":"Solidarit\u00e9 - Hardloop Trail d&#039;Annecy-Les Glaisins","robots":{"index":"index","follow":"follow","max-snippet":"max-snippet:-1","max-image-preview":"max-image-preview:large","max-video-preview":"max-video-preview:-1"},"canonical":"https:\/\/trailannecy.fr\/?page_id=675","og_locale":"fr_FR","og_type":"article","og_title":"Solidarit\u00e9 - Hardloop Trail d&#039;Annecy-Les Glaisins","og_description":"Le comit\u00e9 d&rsquo;organisation du Hardloop Trail d&rsquo;Annecy-Les-Glaisins a \u00e0 coeur de proposer une course solidaire et de promouvoir chaque ann\u00e9e une association \u00e0 laquelle est revers\u00e9e 1 euro par participant. Edition 2026: nous proposons notre soutien \u00e0 une nouvelle association locale&nbsp;REANNECY&nbsp;qui a pour but d\u2019am\u00e9liorer la qualit\u00e9 de vie et la prise en charge des &hellip; Lire la suite de\u00ab\u00a0Solidarit\u00e9\u00a0\u00bb","og_url":"https:\/\/trailannecy.fr\/?page_id=675","og_site_name":"Hardloop Trail d&#039;Annecy-Les Glaisins","article_publisher":"https:\/\/www.facebook.com\/profile.php?id=100089244225554","article_modified_time":"2025-12-11T09:24:47+00:00","og_image":[{"width":840,"height":458,"url":"https:\/\/trailannecy.fr\/wp-content\/uploads\/2025\/12\/image.png","type":"image\/png"}],"twitter_card":"summary_large_image","twitter_misc":{"Dur\u00e9e de lecture estim\u00e9e":"2 minutes"},"schema":{"@context":"https:\/\/schema.org","@graph":[{"@type":"WebPage","@id":"https:\/\/trailannecy.fr\/?page_id=675","url":"https:\/\/trailannecy.fr\/?page_id=675","name":"Solidarit\u00e9 - Hardloop Trail d&#039;Annecy-Les Glaisins","isPartOf":{"@id":"https:\/\/trailannecy.fr\/#website"},"primaryImageOfPage":{"@id":"https:\/\/trailannecy.fr\/?page_id=675#primaryimage"},"image":{"@id":"https:\/\/trailannecy.fr\/?page_id=675#primaryimage"},"thumbnailUrl":"https:\/\/trailannecy.fr\/wp-content\/uploads\/2025\/12\/image.png","datePublished":"2025-02-26T09:45:02+00:00","dateModified":"2025-12-11T09:24:47+00:00","breadcrumb":{"@id":"https:\/\/trailannecy.fr\/?page_id=675#breadcrumb"},"inLanguage":"fr-FR","potentialAction":[{"@type":"ReadAction","target":["https:\/\/trailannecy.fr\/?page_id=675"]}]},{"@type":"ImageObject","inLanguage":"fr-FR","@id":"https:\/\/trailannecy.fr\/?page_id=675#primaryimage","url":"https:\/\/trailannecy.fr\/wp-content\/uploads\/2025\/12\/image.png","contentUrl":"https:\/\/trailannecy.fr\/wp-content\/uploads\/2025\/12\/image.png","width":840,"height":458},{"@type":"BreadcrumbList","@id":"https:\/\/trailannecy.fr\/?page_id=675#breadcrumb","itemListElement":[{"@type":"ListItem","position":1,"name":"Accueil","item":"https:\/\/trailannecy.fr\/"},{"@type":"ListItem","position":2,"name":"Solidarit\u00e9"}]},{"@type":"WebSite","@id":"https:\/\/trailannecy.fr\/#website","url":"https:\/\/trailannecy.fr\/","name":"Trail d'Annecy","description":"9 courses - 2100 participants - 120 volontaires","publisher":{"@id":"https:\/\/trailannecy.fr\/#organization"},"potentialAction":[{"@type":"SearchAction","target":{"@type":"EntryPoint","urlTemplate":"https:\/\/trailannecy.fr\/?s={search_term_string}"},"query-input":{"@type":"PropertyValueSpecification","valueRequired":true,"valueName":"search_term_string"}}],"inLanguage":"fr-FR"},{"@type":"Organization","@id":"https:\/\/trailannecy.fr\/#organization","name":"Trail d'Annecy","url":"https:\/\/trailannecy.fr\/","logo":{"@type":"ImageObject","inLanguage":"fr-FR","@id":"https:\/\/trailannecy.fr\/#\/schema\/logo\/image\/","url":"https:\/\/trailannecy.fr\/wp-content\/uploads\/2023\/04\/TRAIL-DANNECY-2.png","contentUrl":"https:\/\/trailannecy.fr\/wp-content\/uploads\/2023\/04\/TRAIL-DANNECY-2.png","width":500,"height":500,"caption":"Trail d'Annecy"},"image":{"@id":"https:\/\/trailannecy.fr\/#\/schema\/logo\/image\/"},"sameAs":["https:\/\/www.facebook.com\/profile.php?id=100089244225554","https:\/\/www.instagram.com\/trailannecy\/"]}]}},"_links":{"self":[{"href":"https:\/\/trailannecy.fr\/index.php?rest_route=\/wp\/v2\/pages\/675","targetHints":{"allow":["GET"]}}],"collection":[{"href":"https:\/\/trailannecy.fr\/index.php?rest_route=\/wp\/v2\/pages"}],"about":[{"href":"https:\/\/trailannecy.fr\/index.php?rest_route=\/wp\/v2\/types\/page"}],"author":[{"embeddable":true,"href":"https:\/\/trailannecy.fr\/index.php?rest_route=\/wp\/v2\/users\/1"}],"replies":[{"embeddable":true,"href":"https:\/\/trailannecy.fr\/index.php?rest_route=%2Fwp%2Fv2%2Fcomments&post=675"}],"version-history":[{"count":6,"href":"https:\/\/trailannecy.fr\/index.php?rest_route=\/wp\/v2\/pages\/675\/revisions"}],"predecessor-version":[{"id":833,"href":"https:\/\/trailannecy.fr\/index.php?rest_route=\/wp\/v2\/pages\/675\/revisions\/833"}],"wp:attachment":[{"href":"https:\/\/trailannecy.fr\/index.php?rest_route=%2Fwp%2Fv2%2Fmedia&parent=675"}],"curies":[{"name":"wp","href":"https:\/\/api.w.org\/{rel}","templated":true}]}}