{"id":7,"date":"2023-04-20T10:12:21","date_gmt":"2023-04-20T10:12:21","guid":{"rendered":"https:\/\/trailannecy.fr\/?page_id=7"},"modified":"2025-12-11T07:45:48","modified_gmt":"2025-12-11T07:45:48","slug":"about","status":"publish","type":"page","link":"https:\/\/trailannecy.fr\/?page_id=7","title":{"rendered":"Organisateurs"},"content":{"rendered":"\n<p class=\"has-medium-font-size\">Le <strong>HARDLOOP<\/strong> <strong>TRAIL d\u2019ANNECY-LES GLAISINS <\/strong>est l\u2019\u00e9v\u00e9nement sportif du printemps, fruit d\u2019une collaboration n\u00e9e en 2023 entre 2 associations sportives ann\u00e9ciennes : Annecy Athl\u00e9tisme &amp; Annecy CSAV Handball. Il a pour but de promouvoir la course \u00e0 pied et le territoire naturel ann\u00e9cien et valoriser l&rsquo;\u00e9tat d&rsquo;esprit et le savoir-faire organisationnel des clubs locaux.<\/p>\n\n\n\n<p class=\"has-medium-font-size\">Apr\u00e8s 3 \u00e9ditions r\u00e9ussies, cette \u00e9dition 2026, planifi\u00e9e sur 2 jours les\u00a0<strong>samedi 4 et<\/strong>\u00a0<strong>dimanche 5 avril<\/strong>\u00a0au d\u00e9part du complexe des Glaisins \u00e0 Annecy-le-Vieux, r\u00e9unira\u00a0<strong>+2100 participants<\/strong>\u00a0sur les\u00a09\u00a0courses avec le soutien de\u00a0<strong>+220 b\u00e9n\u00e9voles.<\/strong><\/p>\n\n\n\n<p class=\"has-medium-font-size\">Aux 3 courses fondatrices du dimanche (La&nbsp;<strong>Roro-Pignon&nbsp;<\/strong>I<strong>&nbsp;<\/strong>10&nbsp;km.450 mD+, Le<strong>&nbsp;Veyrier&nbsp;<\/strong>I<strong>&nbsp;<\/strong>23&nbsp;km.1400 mD+ et le&nbsp;<strong>Baret<\/strong>&nbsp;I<strong>&nbsp;<\/strong>37&nbsp;km.2400 mD+), s\u2019ajouteront&nbsp;le samedi les courses&nbsp;<strong>Glaisins Jeunes<\/strong>&nbsp;(5 courses, de courtes distances, trac\u00e9es au coeur du complexe des Glaisins, d\u00e9di\u00e9es aux enfants et adolescents n\u00e9s entre 2021 et 2011&nbsp;et lanc\u00e9es toutes les 20\u2032) et le&nbsp;<strong>City Trail Duo&nbsp;<\/strong>(une nouvelle \u00e9preuve de 10 km, \u00e0 disputer \u00e0 2, dans Annecy-le-Vieux \u00e0 17h30)<\/p>\n\n\n\n<p class=\"has-medium-font-size\">Gage de qualit\u00e9, notre \u00e9v\u00e9nement a \u00e9t\u00e9 r\u00e9compens\u00e9 du <strong>Label Trail \u00ab\u00a0Bronze\u00a0\u00bb<\/strong>, d\u00e9cern\u00e9 par la F\u00e9d\u00e9ration Fran\u00e7aise d&rsquo;Athl\u00e9tisme. Ainsi, notre \u00e9quipe est fi\u00e8re de vous annoncer que 2 courses sont qualificatives au Championnat de France de Trail : Le Baret (France Long) &amp; Le Veyrier (France Court).<\/p>\n\n\n\n<p class=\"has-medium-font-size\"><a href=\"https:\/\/www.annecyathle.org\/page\/2320826-accueil\"><strong>ANNECY ATHL\u00c9TISME<\/strong><\/a><strong> <\/strong>est n\u00e9e de la volont\u00e9 d\u2019entra\u00eeneurs, athl\u00e8tes, juges officiels et parents d\u2019athl\u00e8tes de se regrouper autour d\u2019un v\u00e9ritable projet commun et esprit associatif afin que chacun puisse pratiquer l\u2019athl\u00e9tisme au sein d\u2019un club affili\u00e9 \u00e0 la F\u00e9d\u00e9ration Fran\u00e7aise d&rsquo;Athl\u00e9tisme. Tous les \u00e2ges, tous les niveaux et toutes les disciplines de l\u2019athl\u00e9tisme sont repr\u00e9sent\u00e9s. Le slogan de la Ligue Auvergne-Rh\u00f4ne-Alpes d&rsquo;Athl\u00e9tisme&nbsp;\u00ab&nbsp;<em>\u00c0 chacun son athl\u00e9&nbsp;<\/em>\u00bb ne pouvait pas trouver meilleur \u00e9cho puisqu&rsquo;il anime le club au quotidien.&nbsp;<\/p>\n\n\n\n<p class=\"has-medium-font-size\">Cr\u00e9\u00e9 en 1977, <strong><a href=\"https:\/\/annecycsavhandball.com\/\">ANNECY CSAV HANDBALL<\/a> <\/strong>est, avec un effectif approchant les 600 licenci\u00e9s (dont 40% de f\u00e9minines), le club le plus important de la ligue Auvergne-Rh\u00f4ne-Alpes aux portes du top 10 fran\u00e7ais. Son p\u00f4le sportif compte 23 \u00e9quipes engag\u00e9es en comp\u00e9tition dont ses 2 \u00e9quipes s\u00e9niors masculine et f\u00e9minine en Nationale 1, le plus haut niveau amateur fran\u00e7ais. Son p\u00f4le loisir marque un fort engagement soci\u00e9tal et territorial avec un hand ouvert au plus grand nombre au travers de ses sections&nbsp;: para-hand-adapt\u00e9, baby-hand, hand sant\u00e9, p\u00e9ri-hand, hand loisir. Son p\u00f4le \u00e9v\u00e9nementiel est aussi actif et port\u00e9 par son historique tournoi jeunes sur herbe r\u00e9unissant en juin plus de 1500 participants.<\/p>\n\n\n\n<div style=\"height:100px\" aria-hidden=\"true\" class=\"wp-block-spacer\"><\/div>\n\n\n\n<figure class=\"wp-block-image alignwide size-full\"><img loading=\"lazy\" decoding=\"async\" width=\"900\" height=\"506\" src=\"https:\/\/trailannecy.fr\/wp-content\/uploads\/2024\/01\/16beec1e-d64a-43f0-9ad8-b030e1763443-edited.jpg\" alt=\"\" class=\"wp-image-450\" srcset=\"https:\/\/trailannecy.fr\/wp-content\/uploads\/2024\/01\/16beec1e-d64a-43f0-9ad8-b030e1763443-edited.jpg 900w, https:\/\/trailannecy.fr\/wp-content\/uploads\/2024\/01\/16beec1e-d64a-43f0-9ad8-b030e1763443-edited-300x169.jpg 300w, https:\/\/trailannecy.fr\/wp-content\/uploads\/2024\/01\/16beec1e-d64a-43f0-9ad8-b030e1763443-edited-768x432.jpg 768w\" sizes=\"auto, (max-width: 900px) 100vw, 900px\" \/><\/figure>\n\n\n\n<div class=\"wp-block-columns alignwide is-layout-flex wp-container-core-columns-is-layout-28f84493 wp-block-columns-is-layout-flex\">\n<div class=\"wp-block-column is-layout-flow wp-block-column-is-layout-flow\">\n<p class=\"has-black-color has-text-color has-medium-font-size\"><strong>DERUAZ Benjamin<\/strong> I Pr\u00e9sident d&rsquo;Annecy Athl\u00e9tisme<\/p>\n\n\n\n<p class=\"has-text-color\" style=\"color:#7a7a7a\">\u00a0\u00bb Une fiert\u00e9 de pouvoir organiser le Trail d&rsquo;Annecy-Les Glaisins dans son int\u00e9gralit\u00e9. Un projet qui me tenait \u00e0 c\u0153ur personnellement mais surtout avec tout le club derri\u00e8re afin de faire un \u00e9v\u00e9nement vraiment convivial \u00ab\u00a0<\/p>\n<\/div>\n\n\n\n<div class=\"wp-block-column is-layout-flow wp-block-column-is-layout-flow\">\n<p class=\"has-black-color has-text-color has-medium-font-size\"><strong>MERMILLOD-ANSELME Ga\u00ebl <\/strong>I Pr\u00e9sident d&rsquo;Annecy CSAV Handball<\/p>\n\n\n\n<p class=\"has-text-color\" style=\"color:#7a7a7a\">\u00a0\u00bb Un pari os\u00e9 et un pari r\u00e9ussi ! Des premi\u00e8res \u00e9ditions tr\u00e8s prometteuses et on a maintenant h\u00e2te d&rsquo;aller de l&rsquo;avant et de faire des choses encore plus belles chaque ann\u00e9e \u00ab\u00a0<\/p>\n<\/div>\n<\/div>\n\n\n\n<div class=\"wp-block-group alignwide is-horizontal is-content-justification-center is-nowrap is-layout-flex wp-container-core-group-is-layout-4bda3a8f wp-block-group-is-layout-flex\">\n<figure class=\"wp-block-image size-full is-resized is-style-default\"><a href=\"https:\/\/www.annecyathle.org\/page\/2320826-accueil\" target=\"_blank\" rel=\"noreferrer noopener\"><img loading=\"lazy\" decoding=\"async\" width=\"1276\" height=\"337\" src=\"https:\/\/trailannecy.fr\/wp-content\/uploads\/2023\/04\/Logo-noir-rogne.png\" alt=\"\" class=\"wp-image-49\" style=\"width:600px\" srcset=\"https:\/\/trailannecy.fr\/wp-content\/uploads\/2023\/04\/Logo-noir-rogne.png 1276w, https:\/\/trailannecy.fr\/wp-content\/uploads\/2023\/04\/Logo-noir-rogne-300x79.png 300w, https:\/\/trailannecy.fr\/wp-content\/uploads\/2023\/04\/Logo-noir-rogne-1024x270.png 1024w, https:\/\/trailannecy.fr\/wp-content\/uploads\/2023\/04\/Logo-noir-rogne-768x203.png 768w\" sizes=\"auto, (max-width: 1276px) 100vw, 1276px\" \/><\/a><\/figure>\n<\/div>\n\n\n\n<div class=\"wp-block-group alignwide is-horizontal is-content-justification-center is-nowrap is-layout-flex wp-container-core-group-is-layout-4bda3a8f wp-block-group-is-layout-flex\">\n<figure class=\"wp-block-image size-full is-resized is-style-default\"><a href=\"https:\/\/annecycsavhandball.com\" target=\"_blank\" rel=\"noreferrer noopener\"><img loading=\"lazy\" decoding=\"async\" width=\"323\" height=\"343\" src=\"https:\/\/trailannecy.fr\/wp-content\/uploads\/2023\/04\/ACSAVlogo.png\" alt=\"\" class=\"wp-image-50\" style=\"width:300px\" srcset=\"https:\/\/trailannecy.fr\/wp-content\/uploads\/2023\/04\/ACSAVlogo.png 323w, https:\/\/trailannecy.fr\/wp-content\/uploads\/2023\/04\/ACSAVlogo-283x300.png 283w\" sizes=\"auto, (max-width: 323px) 100vw, 323px\" \/><\/a><\/figure>\n<\/div>\n\n\n\n<div class=\"wp-block-cover alignfull has-parallax is-position-center-center\" style=\"min-height:375px;aspect-ratio:unset;\"><div class=\"wp-block-cover__image-background wp-image-67 has-parallax\" style=\"background-position:50% 50%;background-image:url(https:\/\/trailannecy.fr\/wp-content\/uploads\/2023\/04\/FLO7393-scaled.jpeg)\"><\/div><span aria-hidden=\"true\" class=\"wp-block-cover__background has-black-background-color has-background-dim-40 has-background-dim\"><\/span><div class=\"wp-block-cover__inner-container is-layout-flow wp-block-cover-is-layout-flow\">\n<p class=\"has-text-align-center has-text-color has-huge-font-size\" style=\"color:#fffffa;line-height:1.1\"><strong><strong>Notre \u00e9quipe est impatiente de vous accueillir.<\/strong><\/strong><\/p>\n\n\n\n<p class=\"has-text-align-center has-text-color has-huge-font-size\" style=\"color:#fffffa;line-height:1.1\">Bonne pr\u00e9paration \u00e0 tous !<\/p>\n\n\n\n<p class=\"has-text-align-center\">Pour toute question sur les inscriptions, les parcours, les b\u00e9n\u00e9voles<\/p>\n\n\n\n<div class=\"wp-block-buttons is-horizontal is-content-justification-center is-layout-flex wp-container-core-buttons-is-layout-03627597 wp-block-buttons-is-layout-flex\">\n<div class=\"wp-block-button is-style-outline is-style-outline--1\"><a class=\"wp-block-button__link has-white-color has-text-color wp-element-button\" href=\"https:\/\/trailannecy.fr\/?page_id=8\">Contactez-nous<\/a><\/div>\n<\/div>\n<\/div><\/div>\n","protected":false},"excerpt":{"rendered":"<p>Le HARDLOOP TRAIL d\u2019ANNECY-LES GLAISINS est l\u2019\u00e9v\u00e9nement sportif du printemps, fruit d\u2019une collaboration n\u00e9e en 2023 entre 2 associations sportives ann\u00e9ciennes : Annecy Athl\u00e9tisme &amp; Annecy CSAV Handball. Il a pour but de promouvoir la course \u00e0 pied et le territoire naturel ann\u00e9cien et valoriser l&rsquo;\u00e9tat d&rsquo;esprit et le savoir-faire organisationnel des clubs locaux. Apr\u00e8s &hellip; <\/p>\n<p class=\"link-more\"><a href=\"https:\/\/trailannecy.fr\/?page_id=7\" class=\"more-link\">Lire la suite de<span class=\"screen-reader-text\">\u00ab\u00a0Organisateurs\u00a0\u00bb<\/span><\/a><\/p>\n","protected":false},"author":1,"featured_media":115,"parent":0,"menu_order":0,"comment_status":"closed","ping_status":"closed","template":"","meta":{"footnotes":""},"class_list":["post-7","page","type-page","status-publish","has-post-thumbnail","hentry"],"yoast_head":"<!-- This site is optimized with the Yoast SEO plugin v27.3 - https:\/\/yoast.com\/product\/yoast-seo-wordpress\/ -->\n<title>Organisateurs - Hardloop Trail d&#039;Annecy-Les Glaisins<\/title>\n<meta name=\"robots\" content=\"index, follow, max-snippet:-1, max-image-preview:large, max-video-preview:-1\" \/>\n<link rel=\"canonical\" href=\"https:\/\/trailannecy.fr\/?page_id=7\" \/>\n<meta property=\"og:locale\" content=\"fr_FR\" \/>\n<meta property=\"og:type\" content=\"article\" \/>\n<meta property=\"og:title\" content=\"Organisateurs - Hardloop Trail d&#039;Annecy-Les Glaisins\" \/>\n<meta property=\"og:description\" content=\"Le HARDLOOP TRAIL d\u2019ANNECY-LES GLAISINS est l\u2019\u00e9v\u00e9nement sportif du printemps, fruit d\u2019une collaboration n\u00e9e en 2023 entre 2 associations sportives ann\u00e9ciennes : Annecy Athl\u00e9tisme &amp; Annecy CSAV Handball. Il a pour but de promouvoir la course \u00e0 pied et le territoire naturel ann\u00e9cien et valoriser l&rsquo;\u00e9tat d&rsquo;esprit et le savoir-faire organisationnel des clubs locaux. Apr\u00e8s &hellip; Lire la suite de\u00ab\u00a0Organisateurs\u00a0\u00bb\" \/>\n<meta property=\"og:url\" content=\"https:\/\/trailannecy.fr\/?page_id=7\" \/>\n<meta property=\"og:site_name\" content=\"Hardloop Trail d&#039;Annecy-Les Glaisins\" \/>\n<meta property=\"article:publisher\" content=\"https:\/\/www.facebook.com\/profile.php?id=100089244225554\" \/>\n<meta property=\"article:modified_time\" content=\"2025-12-11T07:45:48+00:00\" \/>\n<meta property=\"og:image\" content=\"https:\/\/trailannecy.fr\/wp-content\/uploads\/2023\/04\/DSCF1059_DxO-scaled.jpg\" \/>\n\t<meta property=\"og:image:width\" content=\"1707\" \/>\n\t<meta property=\"og:image:height\" content=\"2560\" \/>\n\t<meta property=\"og:image:type\" content=\"image\/jpeg\" \/>\n<meta name=\"twitter:card\" content=\"summary_large_image\" \/>\n<meta name=\"twitter:label1\" content=\"Dur\u00e9e de lecture estim\u00e9e\" \/>\n\t<meta name=\"twitter:data1\" content=\"4 minutes\" \/>\n<script type=\"application\/ld+json\" class=\"yoast-schema-graph\">{\"@context\":\"https:\\\/\\\/schema.org\",\"@graph\":[{\"@type\":\"WebPage\",\"@id\":\"https:\\\/\\\/trailannecy.fr\\\/?page_id=7\",\"url\":\"https:\\\/\\\/trailannecy.fr\\\/?page_id=7\",\"name\":\"Organisateurs - Hardloop Trail d&#039;Annecy-Les Glaisins\",\"isPartOf\":{\"@id\":\"https:\\\/\\\/trailannecy.fr\\\/#website\"},\"primaryImageOfPage\":{\"@id\":\"https:\\\/\\\/trailannecy.fr\\\/?page_id=7#primaryimage\"},\"image\":{\"@id\":\"https:\\\/\\\/trailannecy.fr\\\/?page_id=7#primaryimage\"},\"thumbnailUrl\":\"https:\\\/\\\/trailannecy.fr\\\/wp-content\\\/uploads\\\/2023\\\/04\\\/DSCF1059_DxO-scaled.jpg\",\"datePublished\":\"2023-04-20T10:12:21+00:00\",\"dateModified\":\"2025-12-11T07:45:48+00:00\",\"breadcrumb\":{\"@id\":\"https:\\\/\\\/trailannecy.fr\\\/?page_id=7#breadcrumb\"},\"inLanguage\":\"fr-FR\",\"potentialAction\":[{\"@type\":\"ReadAction\",\"target\":[\"https:\\\/\\\/trailannecy.fr\\\/?page_id=7\"]}]},{\"@type\":\"ImageObject\",\"inLanguage\":\"fr-FR\",\"@id\":\"https:\\\/\\\/trailannecy.fr\\\/?page_id=7#primaryimage\",\"url\":\"https:\\\/\\\/trailannecy.fr\\\/wp-content\\\/uploads\\\/2023\\\/04\\\/DSCF1059_DxO-scaled.jpg\",\"contentUrl\":\"https:\\\/\\\/trailannecy.fr\\\/wp-content\\\/uploads\\\/2023\\\/04\\\/DSCF1059_DxO-scaled.jpg\",\"width\":1707,\"height\":2560},{\"@type\":\"BreadcrumbList\",\"@id\":\"https:\\\/\\\/trailannecy.fr\\\/?page_id=7#breadcrumb\",\"itemListElement\":[{\"@type\":\"ListItem\",\"position\":1,\"name\":\"Accueil\",\"item\":\"https:\\\/\\\/trailannecy.fr\\\/\"},{\"@type\":\"ListItem\",\"position\":2,\"name\":\"Organisateurs\"}]},{\"@type\":\"WebSite\",\"@id\":\"https:\\\/\\\/trailannecy.fr\\\/#website\",\"url\":\"https:\\\/\\\/trailannecy.fr\\\/\",\"name\":\"Trail d'Annecy\",\"description\":\"9 courses - 2100 participants - 120 volontaires\",\"publisher\":{\"@id\":\"https:\\\/\\\/trailannecy.fr\\\/#organization\"},\"potentialAction\":[{\"@type\":\"SearchAction\",\"target\":{\"@type\":\"EntryPoint\",\"urlTemplate\":\"https:\\\/\\\/trailannecy.fr\\\/?s={search_term_string}\"},\"query-input\":{\"@type\":\"PropertyValueSpecification\",\"valueRequired\":true,\"valueName\":\"search_term_string\"}}],\"inLanguage\":\"fr-FR\"},{\"@type\":\"Organization\",\"@id\":\"https:\\\/\\\/trailannecy.fr\\\/#organization\",\"name\":\"Trail d'Annecy\",\"url\":\"https:\\\/\\\/trailannecy.fr\\\/\",\"logo\":{\"@type\":\"ImageObject\",\"inLanguage\":\"fr-FR\",\"@id\":\"https:\\\/\\\/trailannecy.fr\\\/#\\\/schema\\\/logo\\\/image\\\/\",\"url\":\"https:\\\/\\\/trailannecy.fr\\\/wp-content\\\/uploads\\\/2023\\\/04\\\/TRAIL-DANNECY-2.png\",\"contentUrl\":\"https:\\\/\\\/trailannecy.fr\\\/wp-content\\\/uploads\\\/2023\\\/04\\\/TRAIL-DANNECY-2.png\",\"width\":500,\"height\":500,\"caption\":\"Trail d'Annecy\"},\"image\":{\"@id\":\"https:\\\/\\\/trailannecy.fr\\\/#\\\/schema\\\/logo\\\/image\\\/\"},\"sameAs\":[\"https:\\\/\\\/www.facebook.com\\\/profile.php?id=100089244225554\",\"https:\\\/\\\/www.instagram.com\\\/trailannecy\\\/\"]}]}<\/script>\n<!-- \/ Yoast SEO plugin. -->","yoast_head_json":{"title":"Organisateurs - Hardloop Trail d&#039;Annecy-Les Glaisins","robots":{"index":"index","follow":"follow","max-snippet":"max-snippet:-1","max-image-preview":"max-image-preview:large","max-video-preview":"max-video-preview:-1"},"canonical":"https:\/\/trailannecy.fr\/?page_id=7","og_locale":"fr_FR","og_type":"article","og_title":"Organisateurs - Hardloop Trail d&#039;Annecy-Les Glaisins","og_description":"Le HARDLOOP TRAIL d\u2019ANNECY-LES GLAISINS est l\u2019\u00e9v\u00e9nement sportif du printemps, fruit d\u2019une collaboration n\u00e9e en 2023 entre 2 associations sportives ann\u00e9ciennes : Annecy Athl\u00e9tisme &amp; Annecy CSAV Handball. Il a pour but de promouvoir la course \u00e0 pied et le territoire naturel ann\u00e9cien et valoriser l&rsquo;\u00e9tat d&rsquo;esprit et le savoir-faire organisationnel des clubs locaux. Apr\u00e8s &hellip; Lire la suite de\u00ab\u00a0Organisateurs\u00a0\u00bb","og_url":"https:\/\/trailannecy.fr\/?page_id=7","og_site_name":"Hardloop Trail d&#039;Annecy-Les Glaisins","article_publisher":"https:\/\/www.facebook.com\/profile.php?id=100089244225554","article_modified_time":"2025-12-11T07:45:48+00:00","og_image":[{"width":1707,"height":2560,"url":"https:\/\/trailannecy.fr\/wp-content\/uploads\/2023\/04\/DSCF1059_DxO-scaled.jpg","type":"image\/jpeg"}],"twitter_card":"summary_large_image","twitter_misc":{"Dur\u00e9e de lecture estim\u00e9e":"4 minutes"},"schema":{"@context":"https:\/\/schema.org","@graph":[{"@type":"WebPage","@id":"https:\/\/trailannecy.fr\/?page_id=7","url":"https:\/\/trailannecy.fr\/?page_id=7","name":"Organisateurs - Hardloop Trail d&#039;Annecy-Les Glaisins","isPartOf":{"@id":"https:\/\/trailannecy.fr\/#website"},"primaryImageOfPage":{"@id":"https:\/\/trailannecy.fr\/?page_id=7#primaryimage"},"image":{"@id":"https:\/\/trailannecy.fr\/?page_id=7#primaryimage"},"thumbnailUrl":"https:\/\/trailannecy.fr\/wp-content\/uploads\/2023\/04\/DSCF1059_DxO-scaled.jpg","datePublished":"2023-04-20T10:12:21+00:00","dateModified":"2025-12-11T07:45:48+00:00","breadcrumb":{"@id":"https:\/\/trailannecy.fr\/?page_id=7#breadcrumb"},"inLanguage":"fr-FR","potentialAction":[{"@type":"ReadAction","target":["https:\/\/trailannecy.fr\/?page_id=7"]}]},{"@type":"ImageObject","inLanguage":"fr-FR","@id":"https:\/\/trailannecy.fr\/?page_id=7#primaryimage","url":"https:\/\/trailannecy.fr\/wp-content\/uploads\/2023\/04\/DSCF1059_DxO-scaled.jpg","contentUrl":"https:\/\/trailannecy.fr\/wp-content\/uploads\/2023\/04\/DSCF1059_DxO-scaled.jpg","width":1707,"height":2560},{"@type":"BreadcrumbList","@id":"https:\/\/trailannecy.fr\/?page_id=7#breadcrumb","itemListElement":[{"@type":"ListItem","position":1,"name":"Accueil","item":"https:\/\/trailannecy.fr\/"},{"@type":"ListItem","position":2,"name":"Organisateurs"}]},{"@type":"WebSite","@id":"https:\/\/trailannecy.fr\/#website","url":"https:\/\/trailannecy.fr\/","name":"Trail d'Annecy","description":"9 courses - 2100 participants - 120 volontaires","publisher":{"@id":"https:\/\/trailannecy.fr\/#organization"},"potentialAction":[{"@type":"SearchAction","target":{"@type":"EntryPoint","urlTemplate":"https:\/\/trailannecy.fr\/?s={search_term_string}"},"query-input":{"@type":"PropertyValueSpecification","valueRequired":true,"valueName":"search_term_string"}}],"inLanguage":"fr-FR"},{"@type":"Organization","@id":"https:\/\/trailannecy.fr\/#organization","name":"Trail d'Annecy","url":"https:\/\/trailannecy.fr\/","logo":{"@type":"ImageObject","inLanguage":"fr-FR","@id":"https:\/\/trailannecy.fr\/#\/schema\/logo\/image\/","url":"https:\/\/trailannecy.fr\/wp-content\/uploads\/2023\/04\/TRAIL-DANNECY-2.png","contentUrl":"https:\/\/trailannecy.fr\/wp-content\/uploads\/2023\/04\/TRAIL-DANNECY-2.png","width":500,"height":500,"caption":"Trail d'Annecy"},"image":{"@id":"https:\/\/trailannecy.fr\/#\/schema\/logo\/image\/"},"sameAs":["https:\/\/www.facebook.com\/profile.php?id=100089244225554","https:\/\/www.instagram.com\/trailannecy\/"]}]}},"_links":{"self":[{"href":"https:\/\/trailannecy.fr\/index.php?rest_route=\/wp\/v2\/pages\/7","targetHints":{"allow":["GET"]}}],"collection":[{"href":"https:\/\/trailannecy.fr\/index.php?rest_route=\/wp\/v2\/pages"}],"about":[{"href":"https:\/\/trailannecy.fr\/index.php?rest_route=\/wp\/v2\/types\/page"}],"author":[{"embeddable":true,"href":"https:\/\/trailannecy.fr\/index.php?rest_route=\/wp\/v2\/users\/1"}],"replies":[{"embeddable":true,"href":"https:\/\/trailannecy.fr\/index.php?rest_route=%2Fwp%2Fv2%2Fcomments&post=7"}],"version-history":[{"count":40,"href":"https:\/\/trailannecy.fr\/index.php?rest_route=\/wp\/v2\/pages\/7\/revisions"}],"predecessor-version":[{"id":830,"href":"https:\/\/trailannecy.fr\/index.php?rest_route=\/wp\/v2\/pages\/7\/revisions\/830"}],"wp:featuredmedia":[{"embeddable":true,"href":"https:\/\/trailannecy.fr\/index.php?rest_route=\/wp\/v2\/media\/115"}],"wp:attachment":[{"href":"https:\/\/trailannecy.fr\/index.php?rest_route=%2Fwp%2Fv2%2Fmedia&parent=7"}],"curies":[{"name":"wp","href":"https:\/\/api.w.org\/{rel}","templated":true}]}}