{"id":9,"date":"2023-04-20T10:12:21","date_gmt":"2023-04-20T10:12:21","guid":{"rendered":"https:\/\/trailannecy.fr\/?page_id=9"},"modified":"2025-12-09T21:29:50","modified_gmt":"2025-12-09T21:29:50","slug":"actualites","status":"publish","type":"page","link":"https:\/\/trailannecy.fr\/?page_id=9","title":{"rendered":"Actualit\u00e9s"},"content":{"rendered":"\n<h2 class=\"wp-block-heading\">Des nouveaut\u00e9s pour l&rsquo;\u00e9dition 2026: le Trail d\u2019Annecy-Les Glaisins change de nom et inaugure son Village Coureurs<\/h2>\n\n\n\n<p>Fruit d\u2019une collaboration n\u00e9e en 2023 entre 2 associations sportives ann\u00e9ciennes,&nbsp;<strong>Annecy Athl\u00e9tisme&nbsp;&amp;<\/strong>&nbsp;<strong>Annecy CSAV Handball<\/strong>, et apr\u00e8s 3 premi\u00e8res \u00e9ditions prometteuses, le&nbsp;<strong>TRAIL D\u2019ANNECY-LES GLAISINS&nbsp;<\/strong>poursuit son ascension et devient d\u00e8s 2026 le&nbsp;<strong>HARDLOOP TRAIL D&rsquo;ANNECY LES GLAISINS<\/strong>.<\/p>\n\n\n\n<p>Partageant des valeurs communes, l&rsquo;entreprise voisine des Glaisins,&nbsp;<a href=\"https:\/\/www.hardloop.fr\/\"><strong>Hardloop<\/strong><\/a>, plateforme de e-commerce en pleine croissance sp\u00e9cialis\u00e9e dans les sports de plein air, s&rsquo;unit \u00e0 nos c\u00f4t\u00e9s pour&nbsp;promouvoir la course \u00e0 pied et le territoire naturel ann\u00e9cien, valoriser cet \u00e9tat d\u2019esprit familial et ce savoir-faire organisationnel et maintenir cette belle dynamique collective.<\/p>\n\n\n\n<p>Pour la 4\u00e8me&nbsp;\u00e9dition, cet \u00e9v\u00e9nement sportif se tiendra&nbsp;<strong>les&nbsp;samedi 4 &amp;&nbsp;dimanche 5 avril&nbsp;2026<\/strong>,&nbsp;au d\u00e9part de l&rsquo;<strong>Espace Rencontre d&rsquo; Annecy-le-Vieux<\/strong>,&nbsp;et r\u00e9unira&nbsp;<strong>+2100 participants<\/strong>&nbsp;sur les&nbsp;9&nbsp;courses&nbsp;au programme avec le soutien de&nbsp;<strong>+220 b\u00e9n\u00e9voles.<\/strong><\/p>\n\n\n\n<p>Aux 3 courses fondatrices du dimanche (La&nbsp;<strong>Roro-Pignon&nbsp;<\/strong>I<strong>&nbsp;<\/strong>10&nbsp;km.450 mD+, Le<strong>&nbsp;Veyrier&nbsp;<\/strong>I<strong>&nbsp;<\/strong>23&nbsp;km.1400 mD+ et le&nbsp;<strong>Baret<\/strong>&nbsp;I<strong>&nbsp;<\/strong>37&nbsp;km.2400 mD+), s&rsquo;ajouteront&nbsp; :<\/p>\n\n\n\n<ul class=\"wp-block-list\">\n<li>Le samedi d\u00e8s 15h00 : les\u00a0<strong>Glaisins Jeunes<\/strong>\u00a0(5 courses, de courtes distances, trac\u00e9es au coeur du complexe des Glaisins, d\u00e9di\u00e9es aux enfants et adolescents n\u00e9s entre 2021 et 2011\u00a0et lanc\u00e9es toutes les 20&prime;)<\/li>\n\n\n\n<li>Le samedi \u00e0 17h30 : le\u00a0<strong>City Trail Duo\u00a0<\/strong>(une nouvelle \u00e9preuve de 10 km, \u00e0 disputer \u00e0 2, dans Annecy-le-Vieux \u00e0 17h30)<\/li>\n\n\n\n<li>Tout le week-end, le\u00a0<strong>Village<\/strong>\u00a0: un espace vivant,\u00a0sur l&rsquo;esplanade de l&rsquo;Espace Rencontre,\u00a0organis\u00e9 autour de 4 parties : les partenaires (avec la pr\u00e9sence de marques sportives sp\u00e9cialis\u00e9es ou des entreprises locales), les jeux (des structures gonflables d\u00e9di\u00e9s aux enfants pour patienter en s&rsquo;amusant avant d&rsquo;encourager papa ou maman sur la ligne d&rsquo;arriv\u00e9e),\u00a0les soins (ouverts aux participants pour profiter avant ou apr\u00e8s course de la pr\u00e9sence de professionnels de la sant\u00e9), la buvette-petite restauration (pour se d\u00e9salt\u00e9rer ou se r\u00e9galer avec une cr\u00eape sal\u00e9e ou sucr\u00e9)<\/li>\n<\/ul>\n\n\n\n<p>Gage de qualit\u00e9 et t\u00e9moignant de la&nbsp;<strong>confiance de la F\u00e9d\u00e9ration Fran\u00e7aise d&rsquo;Athl\u00e9tisme<\/strong>, l&rsquo;\u00e9v\u00e9nement est r\u00e9compens\u00e9 du&nbsp;<strong>Label Trail \u00ab&nbsp;Bronze&nbsp;\u00bb<\/strong>&nbsp;et comptera \u00e0 nouveau&nbsp;<strong>2 courses qualificatives au Championnat de France de Trail&nbsp;<\/strong>: Le Baret (France Long) &amp; Le Veyrier (France Court).<\/p>\n\n\n\n<p><strong>\u00c9v\u00e9nement solidaire&nbsp;<\/strong>depuis sa cr\u00e9ation, un soutien sera apport\u00e9, pour cette \u00e9dition 2026, \u00e0 une nouvelle association locale :&nbsp;&nbsp;<strong><a href=\"https:\/\/reannecy.org\/lassociation\/\">REANNECY<\/a>&nbsp;<\/strong>ayant pour but d\u2019am\u00e9liorer la qualit\u00e9 de vie et la prise en charge des patients de r\u00e9animation \/ soins continus et de leurs familles, ainsi que promouvoir la qualit\u00e9 de vie au travail pour les soignants. Le comit\u00e9 d&rsquo;organisation de la course reversera \u00e0 l&rsquo;association&nbsp;<strong>1 euro par coureur inscrit<\/strong>.&nbsp;&nbsp;<\/p>\n\n\n\n<div data-wp-interactive=\"core\/file\" class=\"wp-block-file\"><object data-wp-bind--hidden=\"!state.hasPdfPreview\" hidden class=\"wp-block-file__embed\" data=\"https:\/\/trailannecy.fr\/wp-content\/uploads\/2025\/12\/Communique-de-presse-_-Le-Trail-dAnnecy-Les-Glaisins-change-de-nom-et-inaugure-son-Village-Coureurs-1.pdf\" type=\"application\/pdf\" style=\"width:100%;height:600px\" aria-label=\"Contenu embarqu\u00e9 Communiqu\u00e9 de presse _ Le Trail d\u2019Annecy-Les Glaisins change de nom et inaugure son Village Coureurs.\"><\/object><a id=\"wp-block-file--media-ee3b1679-b9cf-4a6a-bcc4-cf80d8c6a856\" href=\"https:\/\/trailannecy.fr\/wp-content\/uploads\/2025\/12\/Communique-de-presse-_-Le-Trail-dAnnecy-Les-Glaisins-change-de-nom-et-inaugure-son-Village-Coureurs-1.pdf\">Communiqu\u00e9 de presse _ Le Trail d\u2019Annecy-Les Glaisins change de nom et inaugure son Village Coureurs<\/a><a href=\"https:\/\/trailannecy.fr\/wp-content\/uploads\/2025\/12\/Communique-de-presse-_-Le-Trail-dAnnecy-Les-Glaisins-change-de-nom-et-inaugure-son-Village-Coureurs-1.pdf\" class=\"wp-block-file__button wp-element-button\" download aria-describedby=\"wp-block-file--media-ee3b1679-b9cf-4a6a-bcc4-cf80d8c6a856\">T\u00e9l\u00e9charger<\/a><\/div>\n\n\n\n<p><strong><span style=\"text-decoration: underline;\">\u00c9dition 2025<\/span> : <\/strong><a href=\"https:\/\/live.l-chrono.com\/resultats\/trail-dannecy-les-glaisins-2025\">Les R\u00e9sultats<\/a><\/p>\n\n\n\n<figure class=\"wp-block-image size-large is-resized\"><img loading=\"lazy\" decoding=\"async\" width=\"1024\" height=\"683\" src=\"https:\/\/trailannecy.fr\/wp-content\/uploads\/2025\/04\/IMG_0563-1024x683.jpg\" alt=\"\" class=\"wp-image-762\" style=\"width:735px;height:auto\" srcset=\"https:\/\/trailannecy.fr\/wp-content\/uploads\/2025\/04\/IMG_0563-1024x683.jpg 1024w, https:\/\/trailannecy.fr\/wp-content\/uploads\/2025\/04\/IMG_0563-300x200.jpg 300w, https:\/\/trailannecy.fr\/wp-content\/uploads\/2025\/04\/IMG_0563-2000x1334.jpg 2000w\" sizes=\"auto, (max-width: 1024px) 100vw, 1024px\" \/><\/figure>\n\n\n\n<p><\/p>\n\n\n\n<p><strong><span style=\"text-decoration: underline;\">\u00c9dition 2025<\/span> : <\/strong><a href=\"https:\/\/live.L-Chrono.com\/resultats\/trail-dannecy-les-glaisins-2025\">Le suivi live des courses et de vos coureurs<\/a><\/p>\n\n\n\n<figure class=\"wp-block-image size-full is-resized\"><img loading=\"lazy\" decoding=\"async\" width=\"576\" height=\"576\" src=\"https:\/\/trailannecy.fr\/wp-content\/uploads\/2025\/04\/TRAIL-I-Com-L-Chrono.jpg\" alt=\"\" class=\"wp-image-751\" style=\"width:745px;height:auto\" srcset=\"https:\/\/trailannecy.fr\/wp-content\/uploads\/2025\/04\/TRAIL-I-Com-L-Chrono.jpg 576w, https:\/\/trailannecy.fr\/wp-content\/uploads\/2025\/04\/TRAIL-I-Com-L-Chrono-300x300.jpg 300w, https:\/\/trailannecy.fr\/wp-content\/uploads\/2025\/04\/TRAIL-I-Com-L-Chrono-150x150.jpg 150w\" sizes=\"auto, (max-width: 576px) 100vw, 576px\" \/><\/figure>\n\n\n\n<p><strong><span style=\"text-decoration: underline;\">\u00c9dition 2025<\/span> : <\/strong>Matin\u00e9e Testing Merrell &amp; Reco Parcours (08\/03\/25) &gt; <a href=\"https:\/\/docs.google.com\/forms\/d\/1bqv342POHqZ2Xma4oMt-VxG1TvGmNiYP1qLmVs-EK2g\/preview\">Inscription<\/a><\/p>\n\n\n\n<figure class=\"wp-block-image size-full is-resized\"><img loading=\"lazy\" decoding=\"async\" width=\"576\" height=\"576\" src=\"https:\/\/trailannecy.fr\/wp-content\/uploads\/2025\/02\/TRAIL-I-Matinee-Testing-2025-1.jpg\" alt=\"\" class=\"wp-image-645\" style=\"width:746px;height:auto\" srcset=\"https:\/\/trailannecy.fr\/wp-content\/uploads\/2025\/02\/TRAIL-I-Matinee-Testing-2025-1.jpg 576w, https:\/\/trailannecy.fr\/wp-content\/uploads\/2025\/02\/TRAIL-I-Matinee-Testing-2025-1-300x300.jpg 300w, https:\/\/trailannecy.fr\/wp-content\/uploads\/2025\/02\/TRAIL-I-Matinee-Testing-2025-1-150x150.jpg 150w\" sizes=\"auto, (max-width: 576px) 100vw, 576px\" \/><\/figure>\n\n\n\n<p><a href=\"https:\/\/trailannecy.fr\/edition-2024\"><strong><span style=\"text-decoration: underline;\">\u00c9dition 2024<\/span><\/strong><\/a> : <a href=\"https:\/\/live.l-chrono.com\/resultats\/trail-dannecy-les-glaisins-2024\">Les R\u00e9sultats<\/a><\/p>\n\n\n\n<figure class=\"wp-block-image size-large is-resized\"><img loading=\"lazy\" decoding=\"async\" width=\"1024\" height=\"683\" src=\"https:\/\/trailannecy.fr\/wp-content\/uploads\/2025\/02\/Trail-des-Glaisins-31-03-2024-19-1-1024x683.jpg\" alt=\"\" class=\"wp-image-646\" style=\"width:736px;height:auto\" srcset=\"https:\/\/trailannecy.fr\/wp-content\/uploads\/2025\/02\/Trail-des-Glaisins-31-03-2024-19-1-1024x683.jpg 1024w, https:\/\/trailannecy.fr\/wp-content\/uploads\/2025\/02\/Trail-des-Glaisins-31-03-2024-19-1-300x200.jpg 300w, https:\/\/trailannecy.fr\/wp-content\/uploads\/2025\/02\/Trail-des-Glaisins-31-03-2024-19-1-2000x1334.jpg 2000w\" sizes=\"auto, (max-width: 1024px) 100vw, 1024px\" \/><\/figure>\n\n\n\n<p><a href=\"https:\/\/trailannecy.fr\/edition-2024\"><strong><span style=\"text-decoration: underline;\">\u00c9dition 2023<\/span><\/strong><\/a> : <a href=\"https:\/\/live.l-chrono.com\/resultats\/trail-dannecy-les-glaisins-2023\">Les R\u00e9sultats<\/a><\/p>\n\n\n\n<div class=\"wp-block-group has-global-padding is-layout-constrained wp-block-group-is-layout-constrained\">\n<figure class=\"wp-block-image size-large is-resized\"><img loading=\"lazy\" decoding=\"async\" width=\"1024\" height=\"683\" src=\"https:\/\/trailannecy.fr\/wp-content\/uploads\/2025\/02\/340657331_1256622501946446_3888967213188618890_n-1024x683.jpg\" alt=\"\" class=\"wp-image-647\" style=\"width:737px;height:auto\" srcset=\"https:\/\/trailannecy.fr\/wp-content\/uploads\/2025\/02\/340657331_1256622501946446_3888967213188618890_n-1024x683.jpg 1024w, https:\/\/trailannecy.fr\/wp-content\/uploads\/2025\/02\/340657331_1256622501946446_3888967213188618890_n-300x200.jpg 300w, https:\/\/trailannecy.fr\/wp-content\/uploads\/2025\/02\/340657331_1256622501946446_3888967213188618890_n.jpg 1350w\" sizes=\"auto, (max-width: 1024px) 100vw, 1024px\" \/><\/figure>\n<\/div>\n\n\n\n<div style=\"height:100px\" aria-hidden=\"true\" class=\"wp-block-spacer\"><\/div>\n\n\n\n<div class=\"wp-block-cover alignfull has-parallax is-position-center-center\" style=\"min-height:375px;aspect-ratio:unset;\"><div class=\"wp-block-cover__image-background wp-image-67 has-parallax\" style=\"background-position:50% 50%;background-image:url(https:\/\/trailannecy.fr\/wp-content\/uploads\/2023\/04\/FLO7393-scaled.jpeg)\"><\/div><span aria-hidden=\"true\" class=\"wp-block-cover__background has-black-background-color has-background-dim-40 has-background-dim\"><\/span><div class=\"wp-block-cover__inner-container is-layout-flow wp-block-cover-is-layout-flow\">\n<p class=\"has-text-align-center has-text-color has-huge-font-size\" style=\"color:#fffffa;line-height:1.1\"><strong>L&rsquo;\u00e9quipe du Trail d&rsquo;Annecy vous attend avec impatience<\/strong><\/p>\n\n\n\n<p class=\"has-text-align-center\">Vous avez une question sur les inscriptions, les parcours, les b\u00e9n\u00e9voles ?<\/p>\n\n\n\n<div class=\"wp-block-buttons is-horizontal is-content-justification-center is-layout-flex wp-container-core-buttons-is-layout-03627597 wp-block-buttons-is-layout-flex\">\n<div class=\"wp-block-button is-style-outline is-style-outline--1\"><a class=\"wp-block-button__link has-white-color has-text-color wp-element-button\" href=\"https:\/\/trailannecy.fr\/contact\">Contactez-nous<\/a><\/div>\n<\/div>\n<\/div><\/div>\n\n\n\n<p><\/p>\n","protected":false},"excerpt":{"rendered":"<p>Des nouveaut\u00e9s pour l&rsquo;\u00e9dition 2026: le Trail d\u2019Annecy-Les Glaisins change de nom et inaugure son Village Coureurs Fruit d\u2019une collaboration n\u00e9e en 2023 entre 2 associations sportives ann\u00e9ciennes,&nbsp;Annecy Athl\u00e9tisme&nbsp;&amp;&nbsp;Annecy CSAV Handball, et apr\u00e8s 3 premi\u00e8res \u00e9ditions prometteuses, le&nbsp;TRAIL D\u2019ANNECY-LES GLAISINS&nbsp;poursuit son ascension et devient d\u00e8s 2026 le&nbsp;HARDLOOP TRAIL D&rsquo;ANNECY LES GLAISINS. Partageant des valeurs communes, &hellip; <\/p>\n<p class=\"link-more\"><a href=\"https:\/\/trailannecy.fr\/?page_id=9\" class=\"more-link\">Lire la suite de<span class=\"screen-reader-text\">\u00ab\u00a0Actualit\u00e9s\u00a0\u00bb<\/span><\/a><\/p>\n","protected":false},"author":1,"featured_media":150,"parent":0,"menu_order":0,"comment_status":"closed","ping_status":"closed","template":"","meta":{"footnotes":""},"class_list":["post-9","page","type-page","status-publish","has-post-thumbnail","hentry"],"yoast_head":"<!-- This site is optimized with the Yoast SEO plugin v27.3 - https:\/\/yoast.com\/product\/yoast-seo-wordpress\/ -->\n<title>Actualit\u00e9s - Hardloop Trail d&#039;Annecy-Les Glaisins<\/title>\n<meta name=\"robots\" content=\"index, follow, max-snippet:-1, max-image-preview:large, max-video-preview:-1\" \/>\n<link rel=\"canonical\" href=\"https:\/\/trailannecy.fr\/?page_id=9\" \/>\n<meta property=\"og:locale\" content=\"fr_FR\" \/>\n<meta property=\"og:type\" content=\"article\" \/>\n<meta property=\"og:title\" content=\"Actualit\u00e9s - Hardloop Trail d&#039;Annecy-Les Glaisins\" \/>\n<meta property=\"og:description\" content=\"Des nouveaut\u00e9s pour l&rsquo;\u00e9dition 2026: le Trail d\u2019Annecy-Les Glaisins change de nom et inaugure son Village Coureurs Fruit d\u2019une collaboration n\u00e9e en 2023 entre 2 associations sportives ann\u00e9ciennes,&nbsp;Annecy Athl\u00e9tisme&nbsp;&amp;&nbsp;Annecy CSAV Handball, et apr\u00e8s 3 premi\u00e8res \u00e9ditions prometteuses, le&nbsp;TRAIL D\u2019ANNECY-LES GLAISINS&nbsp;poursuit son ascension et devient d\u00e8s 2026 le&nbsp;HARDLOOP TRAIL D&rsquo;ANNECY LES GLAISINS. Partageant des valeurs communes, &hellip; Lire la suite de\u00ab\u00a0Actualit\u00e9s\u00a0\u00bb\" \/>\n<meta property=\"og:url\" content=\"https:\/\/trailannecy.fr\/?page_id=9\" \/>\n<meta property=\"og:site_name\" content=\"Hardloop Trail d&#039;Annecy-Les Glaisins\" \/>\n<meta property=\"article:publisher\" content=\"https:\/\/www.facebook.com\/profile.php?id=100089244225554\" \/>\n<meta property=\"article:modified_time\" content=\"2025-12-09T21:29:50+00:00\" \/>\n<meta property=\"og:image\" content=\"https:\/\/trailannecy.fr\/wp-content\/uploads\/2023\/04\/DSCF1286_DxO-scaled.jpg\" \/>\n\t<meta property=\"og:image:width\" content=\"2560\" \/>\n\t<meta property=\"og:image:height\" content=\"1707\" \/>\n\t<meta property=\"og:image:type\" content=\"image\/jpeg\" \/>\n<meta name=\"twitter:card\" content=\"summary_large_image\" \/>\n<meta name=\"twitter:label1\" content=\"Dur\u00e9e de lecture estim\u00e9e\" \/>\n\t<meta name=\"twitter:data1\" content=\"4 minutes\" \/>\n<script type=\"application\/ld+json\" class=\"yoast-schema-graph\">{\"@context\":\"https:\\\/\\\/schema.org\",\"@graph\":[{\"@type\":\"WebPage\",\"@id\":\"https:\\\/\\\/trailannecy.fr\\\/?page_id=9\",\"url\":\"https:\\\/\\\/trailannecy.fr\\\/?page_id=9\",\"name\":\"Actualit\u00e9s - Hardloop Trail d&#039;Annecy-Les Glaisins\",\"isPartOf\":{\"@id\":\"https:\\\/\\\/trailannecy.fr\\\/#website\"},\"primaryImageOfPage\":{\"@id\":\"https:\\\/\\\/trailannecy.fr\\\/?page_id=9#primaryimage\"},\"image\":{\"@id\":\"https:\\\/\\\/trailannecy.fr\\\/?page_id=9#primaryimage\"},\"thumbnailUrl\":\"https:\\\/\\\/trailannecy.fr\\\/wp-content\\\/uploads\\\/2023\\\/04\\\/DSCF1286_DxO-scaled.jpg\",\"datePublished\":\"2023-04-20T10:12:21+00:00\",\"dateModified\":\"2025-12-09T21:29:50+00:00\",\"breadcrumb\":{\"@id\":\"https:\\\/\\\/trailannecy.fr\\\/?page_id=9#breadcrumb\"},\"inLanguage\":\"fr-FR\",\"potentialAction\":[{\"@type\":\"ReadAction\",\"target\":[\"https:\\\/\\\/trailannecy.fr\\\/?page_id=9\"]}]},{\"@type\":\"ImageObject\",\"inLanguage\":\"fr-FR\",\"@id\":\"https:\\\/\\\/trailannecy.fr\\\/?page_id=9#primaryimage\",\"url\":\"https:\\\/\\\/trailannecy.fr\\\/wp-content\\\/uploads\\\/2023\\\/04\\\/DSCF1286_DxO-scaled.jpg\",\"contentUrl\":\"https:\\\/\\\/trailannecy.fr\\\/wp-content\\\/uploads\\\/2023\\\/04\\\/DSCF1286_DxO-scaled.jpg\",\"width\":2560,\"height\":1707},{\"@type\":\"BreadcrumbList\",\"@id\":\"https:\\\/\\\/trailannecy.fr\\\/?page_id=9#breadcrumb\",\"itemListElement\":[{\"@type\":\"ListItem\",\"position\":1,\"name\":\"Accueil\",\"item\":\"https:\\\/\\\/trailannecy.fr\\\/\"},{\"@type\":\"ListItem\",\"position\":2,\"name\":\"Actualit\u00e9s\"}]},{\"@type\":\"WebSite\",\"@id\":\"https:\\\/\\\/trailannecy.fr\\\/#website\",\"url\":\"https:\\\/\\\/trailannecy.fr\\\/\",\"name\":\"Trail d'Annecy\",\"description\":\"9 courses - 2100 participants - 120 volontaires\",\"publisher\":{\"@id\":\"https:\\\/\\\/trailannecy.fr\\\/#organization\"},\"potentialAction\":[{\"@type\":\"SearchAction\",\"target\":{\"@type\":\"EntryPoint\",\"urlTemplate\":\"https:\\\/\\\/trailannecy.fr\\\/?s={search_term_string}\"},\"query-input\":{\"@type\":\"PropertyValueSpecification\",\"valueRequired\":true,\"valueName\":\"search_term_string\"}}],\"inLanguage\":\"fr-FR\"},{\"@type\":\"Organization\",\"@id\":\"https:\\\/\\\/trailannecy.fr\\\/#organization\",\"name\":\"Trail d'Annecy\",\"url\":\"https:\\\/\\\/trailannecy.fr\\\/\",\"logo\":{\"@type\":\"ImageObject\",\"inLanguage\":\"fr-FR\",\"@id\":\"https:\\\/\\\/trailannecy.fr\\\/#\\\/schema\\\/logo\\\/image\\\/\",\"url\":\"https:\\\/\\\/trailannecy.fr\\\/wp-content\\\/uploads\\\/2023\\\/04\\\/TRAIL-DANNECY-2.png\",\"contentUrl\":\"https:\\\/\\\/trailannecy.fr\\\/wp-content\\\/uploads\\\/2023\\\/04\\\/TRAIL-DANNECY-2.png\",\"width\":500,\"height\":500,\"caption\":\"Trail d'Annecy\"},\"image\":{\"@id\":\"https:\\\/\\\/trailannecy.fr\\\/#\\\/schema\\\/logo\\\/image\\\/\"},\"sameAs\":[\"https:\\\/\\\/www.facebook.com\\\/profile.php?id=100089244225554\",\"https:\\\/\\\/www.instagram.com\\\/trailannecy\\\/\"]}]}<\/script>\n<!-- \/ Yoast SEO plugin. -->","yoast_head_json":{"title":"Actualit\u00e9s - Hardloop Trail d&#039;Annecy-Les Glaisins","robots":{"index":"index","follow":"follow","max-snippet":"max-snippet:-1","max-image-preview":"max-image-preview:large","max-video-preview":"max-video-preview:-1"},"canonical":"https:\/\/trailannecy.fr\/?page_id=9","og_locale":"fr_FR","og_type":"article","og_title":"Actualit\u00e9s - Hardloop Trail d&#039;Annecy-Les Glaisins","og_description":"Des nouveaut\u00e9s pour l&rsquo;\u00e9dition 2026: le Trail d\u2019Annecy-Les Glaisins change de nom et inaugure son Village Coureurs Fruit d\u2019une collaboration n\u00e9e en 2023 entre 2 associations sportives ann\u00e9ciennes,&nbsp;Annecy Athl\u00e9tisme&nbsp;&amp;&nbsp;Annecy CSAV Handball, et apr\u00e8s 3 premi\u00e8res \u00e9ditions prometteuses, le&nbsp;TRAIL D\u2019ANNECY-LES GLAISINS&nbsp;poursuit son ascension et devient d\u00e8s 2026 le&nbsp;HARDLOOP TRAIL D&rsquo;ANNECY LES GLAISINS. Partageant des valeurs communes, &hellip; Lire la suite de\u00ab\u00a0Actualit\u00e9s\u00a0\u00bb","og_url":"https:\/\/trailannecy.fr\/?page_id=9","og_site_name":"Hardloop Trail d&#039;Annecy-Les Glaisins","article_publisher":"https:\/\/www.facebook.com\/profile.php?id=100089244225554","article_modified_time":"2025-12-09T21:29:50+00:00","og_image":[{"width":2560,"height":1707,"url":"https:\/\/trailannecy.fr\/wp-content\/uploads\/2023\/04\/DSCF1286_DxO-scaled.jpg","type":"image\/jpeg"}],"twitter_card":"summary_large_image","twitter_misc":{"Dur\u00e9e de lecture estim\u00e9e":"4 minutes"},"schema":{"@context":"https:\/\/schema.org","@graph":[{"@type":"WebPage","@id":"https:\/\/trailannecy.fr\/?page_id=9","url":"https:\/\/trailannecy.fr\/?page_id=9","name":"Actualit\u00e9s - Hardloop Trail d&#039;Annecy-Les Glaisins","isPartOf":{"@id":"https:\/\/trailannecy.fr\/#website"},"primaryImageOfPage":{"@id":"https:\/\/trailannecy.fr\/?page_id=9#primaryimage"},"image":{"@id":"https:\/\/trailannecy.fr\/?page_id=9#primaryimage"},"thumbnailUrl":"https:\/\/trailannecy.fr\/wp-content\/uploads\/2023\/04\/DSCF1286_DxO-scaled.jpg","datePublished":"2023-04-20T10:12:21+00:00","dateModified":"2025-12-09T21:29:50+00:00","breadcrumb":{"@id":"https:\/\/trailannecy.fr\/?page_id=9#breadcrumb"},"inLanguage":"fr-FR","potentialAction":[{"@type":"ReadAction","target":["https:\/\/trailannecy.fr\/?page_id=9"]}]},{"@type":"ImageObject","inLanguage":"fr-FR","@id":"https:\/\/trailannecy.fr\/?page_id=9#primaryimage","url":"https:\/\/trailannecy.fr\/wp-content\/uploads\/2023\/04\/DSCF1286_DxO-scaled.jpg","contentUrl":"https:\/\/trailannecy.fr\/wp-content\/uploads\/2023\/04\/DSCF1286_DxO-scaled.jpg","width":2560,"height":1707},{"@type":"BreadcrumbList","@id":"https:\/\/trailannecy.fr\/?page_id=9#breadcrumb","itemListElement":[{"@type":"ListItem","position":1,"name":"Accueil","item":"https:\/\/trailannecy.fr\/"},{"@type":"ListItem","position":2,"name":"Actualit\u00e9s"}]},{"@type":"WebSite","@id":"https:\/\/trailannecy.fr\/#website","url":"https:\/\/trailannecy.fr\/","name":"Trail d'Annecy","description":"9 courses - 2100 participants - 120 volontaires","publisher":{"@id":"https:\/\/trailannecy.fr\/#organization"},"potentialAction":[{"@type":"SearchAction","target":{"@type":"EntryPoint","urlTemplate":"https:\/\/trailannecy.fr\/?s={search_term_string}"},"query-input":{"@type":"PropertyValueSpecification","valueRequired":true,"valueName":"search_term_string"}}],"inLanguage":"fr-FR"},{"@type":"Organization","@id":"https:\/\/trailannecy.fr\/#organization","name":"Trail d'Annecy","url":"https:\/\/trailannecy.fr\/","logo":{"@type":"ImageObject","inLanguage":"fr-FR","@id":"https:\/\/trailannecy.fr\/#\/schema\/logo\/image\/","url":"https:\/\/trailannecy.fr\/wp-content\/uploads\/2023\/04\/TRAIL-DANNECY-2.png","contentUrl":"https:\/\/trailannecy.fr\/wp-content\/uploads\/2023\/04\/TRAIL-DANNECY-2.png","width":500,"height":500,"caption":"Trail d'Annecy"},"image":{"@id":"https:\/\/trailannecy.fr\/#\/schema\/logo\/image\/"},"sameAs":["https:\/\/www.facebook.com\/profile.php?id=100089244225554","https:\/\/www.instagram.com\/trailannecy\/"]}]}},"_links":{"self":[{"href":"https:\/\/trailannecy.fr\/index.php?rest_route=\/wp\/v2\/pages\/9","targetHints":{"allow":["GET"]}}],"collection":[{"href":"https:\/\/trailannecy.fr\/index.php?rest_route=\/wp\/v2\/pages"}],"about":[{"href":"https:\/\/trailannecy.fr\/index.php?rest_route=\/wp\/v2\/types\/page"}],"author":[{"embeddable":true,"href":"https:\/\/trailannecy.fr\/index.php?rest_route=\/wp\/v2\/users\/1"}],"replies":[{"embeddable":true,"href":"https:\/\/trailannecy.fr\/index.php?rest_route=%2Fwp%2Fv2%2Fcomments&post=9"}],"version-history":[{"count":31,"href":"https:\/\/trailannecy.fr\/index.php?rest_route=\/wp\/v2\/pages\/9\/revisions"}],"predecessor-version":[{"id":815,"href":"https:\/\/trailannecy.fr\/index.php?rest_route=\/wp\/v2\/pages\/9\/revisions\/815"}],"wp:featuredmedia":[{"embeddable":true,"href":"https:\/\/trailannecy.fr\/index.php?rest_route=\/wp\/v2\/media\/150"}],"wp:attachment":[{"href":"https:\/\/trailannecy.fr\/index.php?rest_route=%2Fwp%2Fv2%2Fmedia&parent=9"}],"curies":[{"name":"wp","href":"https:\/\/api.w.org\/{rel}","templated":true}]}}